{"id":2,"date":"2023-07-13T23:17:52","date_gmt":"2023-07-13T23:17:52","guid":{"rendered":"https:\/\/rhincodontypusholbox.com\/?page_id=2"},"modified":"2024-08-20T16:54:40","modified_gmt":"2024-08-20T16:54:40","slug":"rhincodon-typus-holbox","status":"publish","type":"page","link":"https:\/\/rhincodontypusholbox.com\/es\/","title":{"rendered":"Rhincodon Typus Holbox"},"content":{"rendered":"<p>[et_pb_section fb_built=&#8221;1&#8243; _builder_version=&#8221;4.21.0&#8243; _module_preset=&#8221;default&#8221; background_image=&#8221;https:\/\/rhincodontypusholbox.com\/wp-content\/uploads\/2023\/08\/rhincodon-portada.jpg&#8221; background_enable_video_mp4=&#8221;off&#8221; background_video_pause_outside_viewport=&#8221;off&#8221; height=&#8221;660px&#8221; custom_css_main_element=&#8221; display: flex;||  justify-content: center;||  align-items: center; ||||&#8221; global_colors_info=&#8221;{}&#8221; custom_css_main_element_last_edited=&#8221;on|phone&#8221; custom_css_main_element_phone=&#8221;display:block;&#8221; custom_css_main_element_tablet=&#8221; display: flex;||  justify-content: center;||  align-items: center; &#8220;][et_pb_row _builder_version=&#8221;4.21.0&#8243; _module_preset=&#8221;default&#8221; global_colors_info=&#8221;{}&#8221;][et_pb_column type=&#8221;4_4&#8243; _builder_version=&#8221;4.21.0&#8243; _module_preset=&#8221;default&#8221; global_colors_info=&#8221;{}&#8221;][et_pb_text _builder_version=&#8221;4.21.0&#8243; _module_preset=&#8221;default&#8221; header_font=&#8221;Guthen||||||||&#8221; header_text_align=&#8221;center&#8221; header_text_color=&#8221;#FFFFFF&#8221; header_font_size=&#8221;6em&#8221; header_letter_spacing=&#8221;1px&#8221; header_3_font=&#8221;Guthen||||||||&#8221; header_3_text_align=&#8221;center&#8221; header_3_text_color=&#8221;#FFFFFF&#8221; header_3_font_size=&#8221;3em&#8221; global_colors_info=&#8221;{}&#8221; header_letter_spacing__hover_enabled=&#8221;off|desktop&#8221;]<\/p>\n<h1>Rhincodon Typus Holbox<\/h1>\n<h3>Life is simple, don&#8217;t complicate it.<\/h3>\n<p>[\/et_pb_text][\/et_pb_column][\/et_pb_row][\/et_pb_section][et_pb_section fb_built=&#8221;1&#8243; _builder_version=&#8221;4.21.0&#8243; _module_preset=&#8221;default&#8221; background_image=&#8221;https:\/\/rhincodontypusholbox.com\/wp-content\/uploads\/2023\/07\/bg-rhincodon-1024&#215;684.jpg&#8221; background_position=&#8221;bottom_center&#8221; global_colors_info=&#8221;{}&#8221;][et_pb_row _builder_version=&#8221;4.21.0&#8243; _module_preset=&#8221;default&#8221; width_tablet=&#8221;&#8221; width_phone=&#8221;90%&#8221; width_last_edited=&#8221;on|phone&#8221; global_colors_info=&#8221;{}&#8221;][et_pb_column type=&#8221;4_4&#8243; _builder_version=&#8221;4.21.0&#8243; _module_preset=&#8221;default&#8221; global_colors_info=&#8221;{}&#8221;][et_pb_text _builder_version=&#8221;4.21.0&#8243; _module_preset=&#8221;default&#8221; text_font=&#8221;Actor||||||||&#8221; text_text_color=&#8221;#f2f2f2&#8243; text_font_size=&#8221;21px&#8221; text_letter_spacing=&#8221;1px&#8221; text_line_height=&#8221;1.5em&#8221; header_2_font=&#8221;Aboreto|700|||||||&#8221; header_2_text_align=&#8221;center&#8221; header_2_text_color=&#8221;#059EB5&#8243; header_2_font_size=&#8221;2em&#8221; header_2_letter_spacing=&#8221;1px&#8221; text_font_tablet=&#8221;Actor||||||||&#8221; text_font_phone=&#8221;Actor||||||||&#8221; text_font_last_edited=&#8221;on|desktop&#8221; header_2_font_size_tablet=&#8221;2em&#8221; header_2_font_size_phone=&#8221;32px&#8221; header_2_font_size_last_edited=&#8221;on|phone&#8221; global_colors_info=&#8221;{}&#8221;]<\/p>\n<h2>Exclusividad \u2022 Naturaleza \u2022 Comfort<\/h2>\n<p>[\/et_pb_text][et_pb_text _builder_version=&#8221;4.21.0&#8243; _module_preset=&#8221;default&#8221; text_font=&#8221;Actor||||||||&#8221; text_text_color=&#8221;#059EB5&#8243; text_font_size=&#8221;21px&#8221; text_letter_spacing=&#8221;1px&#8221; text_line_height=&#8221;1.5em&#8221; header_2_font=&#8221;Aboreto|700|||||||&#8221; header_2_text_align=&#8221;center&#8221; header_2_text_color=&#8221;#059EB5&#8243; header_2_font_size=&#8221;2em&#8221; header_2_letter_spacing=&#8221;1px&#8221; background_color=&#8221;rgba(255,255,255,0.62)&#8221; custom_padding=&#8221;35px|35px|35px|35px|true|true&#8221; text_font_tablet=&#8221;Actor||||||||&#8221; text_font_phone=&#8221;Actor||||||||&#8221; text_font_last_edited=&#8221;on|desktop&#8221; header_2_font_size_tablet=&#8221;2em&#8221; header_2_font_size_phone=&#8221;32px&#8221; header_2_font_size_last_edited=&#8221;on|phone&#8221; border_radii=&#8221;on|9px|9px|9px|9px&#8221; global_colors_info=&#8221;{}&#8221;]<\/p>\n<p>Holbox es una isla con todo lo necesario para que disfrutes de tu tiempo libre y descanses, descon\u00e9ctate de la tecnolog\u00eda \u00a1Con\u00e9ctate a este para\u00edso y rel\u00e1jate!\n\nEl hotel Rhincodon Typus est\u00e1 en la orilla del mar y fue dise\u00f1ado de manera ecol\u00f3gica para no impactar a la naturaleza. Para que vivas la exclusividad, la naturaleza y el confort en esta isla caribe\u00f1a que permanece pr\u00e1cticamente virgen<\/p>\n<p>[\/et_pb_text][\/et_pb_column][\/et_pb_row][et_pb_row _builder_version=&#8221;4.21.0&#8243; _module_preset=&#8221;default&#8221; width=&#8221;90%&#8221; global_colors_info=&#8221;{}&#8221;][et_pb_column type=&#8221;4_4&#8243; _builder_version=&#8221;4.21.0&#8243; _module_preset=&#8221;default&#8221; global_colors_info=&#8221;{}&#8221;][dica_divi_carousel show_items_desktop=&#8221;3&#8243; loop=&#8221;on&#8221; arrow_nav=&#8221;on&#8221; advanced_effect=&#8221;1&#8243; arrow_nav_color=&#8221;#059EB5&#8243; arrow_bg_color=&#8221;rgba(255,255,255,0.75)&#8221; arrow_position=&#8221;middle-outside&#8221; text_padding=&#8221;|0px||0px|false|true&#8221; arrow_position_tablet=&#8221;middle-outside&#8221; arrow_position_phone=&#8221;middle-inside&#8221; arrow_position_last_edited=&#8221;on|phone&#8221; _builder_version=&#8221;4.21.0&#8243; _module_preset=&#8221;default&#8221; title_font=&#8221;Aboreto||||||||&#8221; title_font_size=&#8221;16px&#8221; custom_padding=&#8221;||||false|false&#8221; hover_enabled=&#8221;0&#8243; border_radii_item=&#8221;on|10px|10px|10px|10px&#8221; border_radii_image=&#8221;off|10px|10px||&#8221; global_colors_info=&#8221;{}&#8221; sticky_enabled=&#8221;0&#8243;][dica_divi_carouselitem title=&#8221;Pez Sierra&#8221; button_url_new_window=&#8221;1&#8243; image=&#8221;https:\/\/rhincodontypusholbox.com\/wp-content\/uploads\/2023\/07\/Pez-sierra.jpg&#8221; content_padding=&#8221;25px|7px||7px|false|true&#8221; button_margin=&#8221;25px||||false|false&#8221; custom_margin=&#8221;||||false|false&#8221; custom_padding=&#8221;||30px||false|false&#8221; _builder_version=&#8221;4.21.0&#8243; _module_preset=&#8221;default&#8221; header_font=&#8221;|600|||||||&#8221; header_text_color=&#8221;#0B3B5D&#8221; header_font_size=&#8221;24px&#8221; background_color=&#8221;#ffffff&#8221; background_enable_color=&#8221;on&#8221; button_alignment=&#8221;left&#8221; global_colors_info=&#8221;{}&#8221;]<\/p>\n<p style=\"padding: 5px 10px;\">[et_pb_section global_module=\"43\"][\/et_pb_section]<\/p>\n<p style=\"padding-left: 10px;\">From<br \/><span style=\"color: #059fb5; font-size: 24px;\"><strong>$450<\/strong><\/span> Per night<br \/><span style=\"font-size: 11px;\">Additional charges may apply\u00a0\u00a0<\/span><span style=\"margin-top: 10px; text-align: left; padding-left: 10%;\"><a href=\"https:\/\/rhincodontypusholbox.com\/es\/pez-sierra-2\/\" target=\"_blank\" class=\"et_pb_button\" rel=\"noopener\">View Deal<\/a><\/span><\/p>\n<p>[\/dica_divi_carouselitem][dica_divi_carouselitem title=&#8221;Estrella de Mar&#8221; button_url_new_window=&#8221;1&#8243; image=&#8221;https:\/\/rhincodontypusholbox.com\/wp-content\/uploads\/2023\/07\/Estrella-3-1024&#215;683.jpg&#8221; content_padding=&#8221;25px|7px||7px|false|true&#8221; button_margin=&#8221;25px||||false|false&#8221; custom_margin=&#8221;||||false|false&#8221; custom_padding=&#8221;||30px||false|false&#8221; _builder_version=&#8221;4.21.0&#8243; _module_preset=&#8221;default&#8221; header_font=&#8221;|600|||||||&#8221; header_text_color=&#8221;#0B3B5D&#8221; header_font_size=&#8221;24px&#8221; background_color=&#8221;#ffffff&#8221; background_enable_color=&#8221;on&#8221; button_alignment=&#8221;center&#8221; global_colors_info=&#8221;{}&#8221;]<\/p>\n<p style=\"padding: 5px 10px;\">[et_pb_section global_module=\"247\"][\/et_pb_section]<\/p>\n<p style=\"padding-left: 10px;\">From<br \/><span style=\"color: #059fb5; font-size: 24px;\"><strong>$250<\/strong><\/span> Per night<br \/><span style=\"font-size: 11px;\">Additional charges may apply\u00a0\u00a0<\/span><span style=\"margin-top: 10px; text-align: left; padding-left: 10%;\"><a href=\"https:\/\/rhincodontypusholbox.com\/es\/estrella-de-mar\/\" target=\"_blank\" class=\"et_pb_button\" rel=\"noopener\">View Deal<\/a><\/span><\/p>\n<p>[\/dica_divi_carouselitem][dica_divi_carouselitem title=&#8221;Tibur\u00f3n Ballena&#8221; button_url_new_window=&#8221;1&#8243; image=&#8221;https:\/\/rhincodontypusholbox.com\/wp-content\/uploads\/2023\/07\/Tiburon-ballena-3.jpg&#8221; content_padding=&#8221;25px|7px||7px|false|true&#8221; button_margin=&#8221;25px||||false|false&#8221; custom_margin=&#8221;||||false|false&#8221; custom_padding=&#8221;||30px||false|false&#8221; _builder_version=&#8221;4.21.0&#8243; _module_preset=&#8221;default&#8221; header_font=&#8221;|600|||||||&#8221; header_text_color=&#8221;#0B3B5D&#8221; header_font_size=&#8221;24px&#8221; background_color=&#8221;#ffffff&#8221; background_enable_color=&#8221;on&#8221; button_alignment=&#8221;center&#8221; global_colors_info=&#8221;{}&#8221;]<\/p>\n<p style=\"padding: 5px 10px;\">[et_pb_section global_module=\"265\"][\/et_pb_section]<\/p>\n<p style=\"padding-left: 10px;\">From<br \/>\n<span style=\"color: #059fb5; font-size: 24px;\"><strong>$450<\/strong><\/span> Per night<br \/>\n<span style=\"font-size: 11px;\">Additional charges may apply\u00a0\u00a0<\/span><span style=\"margin-top: 10px; text-align: left; padding-left: 10%;\"><a href=\"https:\/\/rhincodontypusholbox.com\/es\/tiburon-ballena\/\" target=\"_blank\" class=\"et_pb_button\" rel=\"noopener\">View Deal<\/a><\/span><\/p>\n<p>[\/dica_divi_carouselitem][dica_divi_carouselitem title=&#8221;Pez Robalo&#8221; button_url_new_window=&#8221;1&#8243; image=&#8221;https:\/\/rhincodontypusholbox.com\/wp-content\/uploads\/2023\/07\/Robalo-2.jpg&#8221; content_padding=&#8221;25px|7px||7px|false|true&#8221; button_margin=&#8221;25px||||false|false&#8221; custom_margin=&#8221;||||false|false&#8221; custom_padding=&#8221;||30px||false|false&#8221; _builder_version=&#8221;4.21.0&#8243; _module_preset=&#8221;default&#8221; header_font=&#8221;|600|||||||&#8221; header_text_color=&#8221;#0B3B5D&#8221; header_font_size=&#8221;24px&#8221; background_color=&#8221;#ffffff&#8221; background_enable_color=&#8221;on&#8221; button_alignment=&#8221;center&#8221; global_colors_info=&#8221;{}&#8221;]<\/p>\n<p style=\"padding: 5px 10px;\">[et_pb_section global_module=\"247\"][\/et_pb_section]<\/p>\n<p style=\"padding-left: 10px;\">From<br \/>\n<span style=\"color: #059fb5; font-size: 24px;\"><strong>$200<\/strong><\/span> Per night<br \/>\n<span style=\"font-size: 11px;\">Additional charges may apply\u00a0\u00a0<\/span><span style=\"margin-top: 10px; text-align: left; padding-left: 10%;\"><a href=\"https:\/\/rhincodontypusholbox.com\/es\/pez-robalo\/\" target=\"_blank\" class=\"et_pb_button\" rel=\"noopener\">View Deal<\/a><\/span><\/p>\n<p>[\/dica_divi_carouselitem][\/dica_divi_carousel][\/et_pb_column][\/et_pb_row][et_pb_row module_id=&#8221;gallery&#8221; _builder_version=&#8221;4.21.0&#8243; _module_preset=&#8221;default&#8221; width=&#8221;90%&#8221; global_colors_info=&#8221;{}&#8221;][et_pb_column type=&#8221;4_4&#8243; _builder_version=&#8221;4.21.0&#8243; _module_preset=&#8221;default&#8221; global_colors_info=&#8221;{}&#8221;][dsm_masonry_gallery gallery_ids=&#8221;156,557,154,555,556,558,559,561,562,329&#8243; dsm_sort_images=&#8221;off&#8221; columns=&#8221;4&#8243; gutter=&#8221;9&#8243; use_lightbox=&#8221;on&#8221; lightbox_title=&#8221;off&#8221; lightbox_caption=&#8221;off&#8221; use_zoom_on_hover=&#8221;on&#8221; columns_tablet=&#8221;4&#8243; columns_phone=&#8221;2&#8243; columns_last_edited=&#8221;on|phone&#8221; _builder_version=&#8221;4.21.0&#8243; _module_preset=&#8221;default&#8221; border_radii_grid=&#8221;on|10px|10px|10px|10px&#8221; box_shadow_style_grid=&#8221;preset1&#8243; global_colors_info=&#8221;{}&#8221;][\/dsm_masonry_gallery][\/et_pb_column][\/et_pb_row][et_pb_row module_id=&#8221;find-us&#8221; _builder_version=&#8221;4.21.0&#8243; _module_preset=&#8221;default&#8221; background_color=&#8221;rgba(255,255,255,0.62)&#8221; width=&#8221;90%&#8221; custom_padding=&#8221;45px|25px|45px|25px|true|true&#8221; border_radii=&#8221;on|10px|10px|10px|10px&#8221; global_colors_info=&#8221;{}&#8221;][et_pb_column type=&#8221;4_4&#8243; _builder_version=&#8221;4.21.0&#8243; _module_preset=&#8221;default&#8221; global_colors_info=&#8221;{}&#8221;][et_pb_text _builder_version=&#8221;4.21.0&#8243; _module_preset=&#8221;default&#8221; header_2_font=&#8221;Aboreto||||||||&#8221; header_2_text_align=&#8221;center&#8221; header_2_text_color=&#8221;#059EB5&#8243; header_2_font_size=&#8221;35px&#8221; global_colors_info=&#8221;{}&#8221;]<\/p>\n<h2>C\u00f3mo llegar<\/h2>\n<p>[\/et_pb_text][et_pb_text _builder_version=&#8221;4.21.0&#8243; _module_preset=&#8221;default&#8221; text_font=&#8221;Actor||||||||&#8221; text_font_size=&#8221;16px&#8221; text_orientation=&#8221;center&#8221; custom_margin=&#8221;||55px|||&#8221; custom_padding=&#8221;|80px||80px|false|true&#8221; custom_padding_tablet=&#8221;|55px||55px|false|true&#8221; custom_padding_phone=&#8221;|10px||10px|false|true&#8221; custom_padding_last_edited=&#8221;on|phone&#8221; global_colors_info=&#8221;{}&#8221;]<\/p>\n<p>Para llegar a Holbox tendr\u00e1s que tomar el ferry. El primer paso es trasladarte desde el punto en el que te encuentres, Canc\u00fan o Playa del Carmen, a un peque\u00f1o pueblo llamado Chiquil\u00e1.<\/p>\n<p>Desde aqu\u00ed todo el turismo cruza hacia Holbox.<\/p>\n<p>[\/et_pb_text][et_pb_text _builder_version=&#8221;4.21.0&#8243; _module_preset=&#8221;default&#8221; text_font=&#8221;Actor||||||||&#8221; text_font_size=&#8221;16px&#8221; header_2_font=&#8221;Aboreto||||||||&#8221; header_2_text_color=&#8221;#059EB5&#8243; header_2_font_size=&#8221;32px&#8221; header_3_font=&#8221;Actor|||||on|||&#8221; header_3_text_color=&#8221;#059EB5&#8243; text_orientation=&#8221;center&#8221; custom_padding=&#8221;|80px||80px|false|true&#8221; custom_padding_tablet=&#8221;|55px||55px|false|true&#8221; custom_padding_phone=&#8221;|10px||10px|false|true&#8221; custom_padding_last_edited=&#8221;on|phone&#8221; global_colors_info=&#8221;{}&#8221; header_2_font_size__hover_enabled=&#8221;on|desktop&#8221; header_2_font_size__hover=&#8221;35px&#8221;]<\/p>\n<h2>\u00bfC\u00f3mo llegar a Holbox desde Chiquil\u00e1?<\/h2>\n<h3><\/h3>\n<h3>Ferry<\/h3>\n<p>Hay dos compa\u00f1\u00edas que ofrecen el mismo servicio de transporte, 9 Hermanos y Holbox Express, la primera salida es 6 am. Y la \u00faltima a las 9.30 pm., entre una compa\u00f1\u00eda y otra salen cada 30 mins. el trayecto dura 25 min.<\/p>\n<p>[\/et_pb_text][et_pb_code _builder_version=&#8221;4.21.0&#8243; _module_preset=&#8221;default&#8221; global_colors_info=&#8221;{}&#8221;]<iframe src=\"https:\/\/www.google.com\/maps\/embed?pb=!1m14!1m8!1m3!1d3711.65189136958!2d-87.386059!3d21.521351!3m2!1i1024!2i768!4f13.1!3m3!1m2!1s0x8f4d8d8ead366085%3A0x3bb27c86b86948ac!2sRhincodon%20Typus!5e0!3m2!1sen!2smx!4v1689983699489!5m2!1sen!2smx\" width=\"100%\" height=\"600\" style=\"border:0;\" allowfullscreen=\"\" loading=\"lazy\" referrerpolicy=\"no-referrer-when-downgrade\"><\/iframe>[\/et_pb_code][\/et_pb_column][\/et_pb_row][\/et_pb_section]<\/p>","protected":false},"excerpt":{"rendered":"<p>Rhincodon Typus Holbox Life is simple, don&#8217;t complicate it.Exclusivity \u2022 Nature \u2022 ComfortHolbox is an island with everything you need to enjoy your free time and rest, disconnect from technology. Connect to this paradise and relax! Rhincodon Typus Holbox is on the seashore and was designed in an ecological way so as not to impact [&hellip;]<\/p>","protected":false},"author":1,"featured_media":0,"parent":0,"menu_order":0,"comment_status":"closed","ping_status":"open","template":"","meta":{"_et_pb_use_builder":"on","_et_pb_old_content":"<!-- wp:paragraph -->\n<p>This is an example page. It's different from a blog post because it will stay in one place and will show up in your site navigation (in most themes). Most people start with an About page that introduces them to potential site visitors. It might say something like this:<\/p>\n<!-- \/wp:paragraph -->\n\n<!-- wp:quote -->\n<blockquote class=\"wp-block-quote\"><!-- wp:paragraph -->\n<p>Hi there! I'm a bike messenger by day, aspiring actor by night, and this is my website. I live in Los Angeles, have a great dog named Jack, and I like pi\u00f1a coladas. (And gettin' caught in the rain.)<\/p>\n<!-- \/wp:paragraph --><\/blockquote>\n<!-- \/wp:quote -->\n\n<!-- wp:paragraph -->\n<p>...or something like this:<\/p>\n<!-- \/wp:paragraph -->\n\n<!-- wp:quote -->\n<blockquote class=\"wp-block-quote\"><!-- wp:paragraph -->\n<p>The XYZ Doohickey Company was founded in 1971, and has been providing quality doohickeys to the public ever since. Located in Gotham City, XYZ employs over 2,000 people and does all kinds of awesome things for the Gotham community.<\/p>\n<!-- \/wp:paragraph --><\/blockquote>\n<!-- \/wp:quote -->\n\n<!-- wp:paragraph -->\n<p>As a new WordPress user, you should go to <a href=\"https:\/\/rhincodontypusholbox.com\/wp-admin\/\">your dashboard<\/a> to delete this page and create new pages for your content. Have fun!<\/p>\n<!-- \/wp:paragraph -->","_et_gb_content_width":"","footnotes":""},"class_list":["post-2","page","type-page","status-publish","hentry"],"_links":{"self":[{"href":"https:\/\/rhincodontypusholbox.com\/es\/wp-json\/wp\/v2\/pages\/2","targetHints":{"allow":["GET"]}}],"collection":[{"href":"https:\/\/rhincodontypusholbox.com\/es\/wp-json\/wp\/v2\/pages"}],"about":[{"href":"https:\/\/rhincodontypusholbox.com\/es\/wp-json\/wp\/v2\/types\/page"}],"author":[{"embeddable":true,"href":"https:\/\/rhincodontypusholbox.com\/es\/wp-json\/wp\/v2\/users\/1"}],"replies":[{"embeddable":true,"href":"https:\/\/rhincodontypusholbox.com\/es\/wp-json\/wp\/v2\/comments?post=2"}],"version-history":[{"count":107,"href":"https:\/\/rhincodontypusholbox.com\/es\/wp-json\/wp\/v2\/pages\/2\/revisions"}],"predecessor-version":[{"id":690,"href":"https:\/\/rhincodontypusholbox.com\/es\/wp-json\/wp\/v2\/pages\/2\/revisions\/690"}],"wp:attachment":[{"href":"https:\/\/rhincodontypusholbox.com\/es\/wp-json\/wp\/v2\/media?parent=2"}],"curies":[{"name":"wp","href":"https:\/\/api.w.org\/{rel}","templated":true}]}}